{"id":1432,"date":"2021-07-14T16:25:53","date_gmt":"2021-07-14T14:25:53","guid":{"rendered":"https:\/\/manoir.devsdms.be\/eventos\/"},"modified":"2021-07-27T09:30:56","modified_gmt":"2021-07-27T07:30:56","slug":"eventos","status":"publish","type":"page","link":"https:\/\/manoirdesoffices.com\/es\/eventos\/","title":{"rendered":"Eventos"},"content":{"rendered":"<p>[et_pb_section fb_built=\u00bb1&#8243; disabled_on=\u00bbon|on|off\u00bb _builder_version=\u00bb4.9.4&#8243; _module_preset=\u00bbdefault\u00bb background_color=\u00bbRGBA(0,0,0,0)\u00bb background_color_gradient_direction=\u00bb115deg\u00bb background_image=\u00bbhttps:\/\/manoirdesoffices.com\/wp-content\/uploads\/2021\/06\/evenements-2-1.jpg\u00bb z_index=\u00bb10&#8243; custom_padding=\u00bb||||false|false\u00bb animation_style=\u00bbslide\u00bb animation_direction=\u00bbleft\u00bb animation_duration=\u00bb500ms\u00bb animation_intensity_slide=\u00bb3%\u00bb animation_speed_curve=\u00bbease-out\u00bb][et_pb_row column_structure=\u00bb1_2,1_2&#8243; _builder_version=\u00bb4.9.4&#8243; _module_preset=\u00bbdefault\u00bb width=\u00bb75%\u00bb max_width=\u00bb1580px\u00bb custom_margin=\u00bb0px||0px||false|false\u00bb custom_padding=\u00bb0px||0px||false|false\u00bb][et_pb_column type=\u00bb1_2&#8243; _builder_version=\u00bb4.9.4&#8243; _module_preset=\u00bbdefault\u00bb][et_pb_text _builder_version=\u00bb4.9.4&#8243; _module_preset=\u00bbdefault\u00bb header_font=\u00bbOpen Sans|300||on|||||\u00bb header_text_align=\u00bbleft\u00bb header_text_color=\u00bbgcid-70333b25-1dd7-44e9-8a76-3314d0ba5eaf\u00bb header_font_size=\u00bb43px\u00bb header_letter_spacing=\u00bb2px\u00bb header_2_font=\u00bbPlayfair Display|||on|||||\u00bb header_2_text_align=\u00bbleft\u00bb header_2_text_color=\u00bb#F5F5F5&#8243; header_2_font_size=\u00bb44px\u00bb text_orientation=\u00bbright\u00bb custom_margin=\u00bb||2vh||false|false\u00bb animation_style=\u00bbslide\u00bb animation_direction=\u00bbbottom\u00bb animation_duration=\u00bb850ms\u00bb animation_delay=\u00bb500ms\u00bb animation_intensity_slide=\u00bb20%\u00bb animation_speed_curve=\u00bbease\u00bb global_colors_info=\u00bb{%22gcid-70333b25-1dd7-44e9-8a76-3314d0ba5eaf%22:%91%22header_text_color%22,%22header_text_color%22%93}\u00bb]<\/p>\n<h1>Eventos<\/h1>\n<p>[\/et_pb_text][et_pb_divider divider_weight=\u00bb3px\u00bb _builder_version=\u00bb4.9.4&#8243; _module_preset=\u00bbdefault\u00bb width=\u00bb25%\u00bb custom_margin=\u00bb||1vh||false|false\u00bb][\/et_pb_divider][et_pb_text _builder_version=\u00bb4.9.4&#8243; _module_preset=\u00bbdefault\u00bb text_font=\u00bbOpen Sans|300|||||||\u00bb text_text_color=\u00bb#F5F5F5&#8243; text_font_size=\u00bb16px\u00bb width=\u00bb80%\u00bb animation_style=\u00bbfade\u00bb animation_direction=\u00bbleft\u00bb animation_duration=\u00bb750ms\u00bb animation_delay=\u00bb900ms\u00bb animation_speed_curve=\u00bbease-out\u00bb]Nos encargamos de la organizaci\u00f3n de sus eventos corporativos y ponemos a su disposici\u00f3n nuestra sala de conferencias, salas de reuniones, terrazas y jardines. [\/et_pb_text][et_pb_button button_url=\u00bb@ET-DC@eyJkeW5hbWljIjp0cnVlLCJjb250ZW50IjoicG9zdF9saW5rX3VybF9wYWdlIiwic2V0dGluZ3MiOnsicG9zdF9pZCI6IjI3In19@\u00bb button_text=\u00bbContacto con nosotros\u00bb module_class=\u00bbbutton-manoir\u00bb _builder_version=\u00bb4.9.4&#8243; _dynamic_attributes=\u00bbbutton_url\u00bb _module_preset=\u00bb5c381711-681c-4bee-b620-aabdf0f0f399&#8243; custom_padding=\u00bb8px|20px|8px|20px|true|true\u00bb animation_direction=\u00bbcenter\u00bb locked=\u00bboff\u00bb][\/et_pb_button][\/et_pb_column][et_pb_column type=\u00bb1_2&#8243; _builder_version=\u00bb4.9.4&#8243; _module_preset=\u00bbdefault\u00bb][\/et_pb_column][\/et_pb_row][\/et_pb_section][et_pb_section fb_built=\u00bb1&#8243; disabled_on=\u00bboff|off|on\u00bb _builder_version=\u00bb4.9.4&#8243; _module_preset=\u00bbdefault\u00bb background_color=\u00bbRGBA(0,0,0,0)\u00bb use_background_color_gradient=\u00bbon\u00bb background_color_gradient_start=\u00bbrgba(25,34,43,0.8)\u00bb background_color_gradient_end=\u00bbrgba(25,34,43,0.8)\u00bb background_color_gradient_direction=\u00bb115deg\u00bb background_color_gradient_start_position=\u00bb50%\u00bb background_color_gradient_end_position=\u00bb50.05%\u00bb background_color_gradient_overlays_image=\u00bbon\u00bb background_image=\u00bbhttps:\/\/manoirdesoffices.com\/wp-content\/uploads\/2021\/04\/20181213_Utopix_ManoirOffices_XMas_Hyacinthe_4.jpg\u00bb background_position=\u00bbcenter_right\u00bb z_index=\u00bb10&#8243; custom_padding=\u00bb||||false|false\u00bb animation_style=\u00bbslide\u00bb animation_direction=\u00bbleft\u00bb animation_duration=\u00bb500ms\u00bb animation_intensity_slide=\u00bb3%\u00bb animation_speed_curve=\u00bbease-out\u00bb][et_pb_row _builder_version=\u00bb4.9.4&#8243; _module_preset=\u00bbdefault\u00bb width=\u00bb75%\u00bb max_width=\u00bb1580px\u00bb custom_margin=\u00bb0px||0px||false|false\u00bb custom_padding=\u00bb0px||0px||false|false\u00bb][et_pb_column type=\u00bb4_4&#8243; _builder_version=\u00bb4.9.4&#8243; _module_preset=\u00bbdefault\u00bb][et_pb_text _builder_version=\u00bb4.9.4&#8243; _module_preset=\u00bbdefault\u00bb header_font=\u00bbOpen Sans|300||on|||||\u00bb header_text_align=\u00bbcenter\u00bb header_text_color=\u00bbgcid-70333b25-1dd7-44e9-8a76-3314d0ba5eaf\u00bb header_font_size=\u00bb43px\u00bb header_letter_spacing=\u00bb2px\u00bb header_2_font=\u00bbPlayfair Display|||on|||||\u00bb header_2_text_align=\u00bbcenter\u00bb header_2_text_color=\u00bb#F5F5F5&#8243; header_2_font_size=\u00bb44px\u00bb text_orientation=\u00bbright\u00bb animation_style=\u00bbslide\u00bb animation_direction=\u00bbbottom\u00bb animation_duration=\u00bb850ms\u00bb animation_delay=\u00bb500ms\u00bb animation_intensity_slide=\u00bb20%\u00bb animation_speed_curve=\u00bbease\u00bb locked=\u00bboff\u00bb global_colors_info=\u00bb{%22gcid-70333b25-1dd7-44e9-8a76-3314d0ba5eaf%22:%91%22header_text_color%22,%22header_text_color%22%93}\u00bb]<\/p>\n<h1>Eventos<\/h1>\n<p>[\/et_pb_text][et_pb_divider divider_weight=\u00bb3px\u00bb _builder_version=\u00bb4.9.4&#8243; _module_preset=\u00bbdefault\u00bb width=\u00bb25%\u00bb module_alignment=\u00bbcenter\u00bb locked=\u00bboff\u00bb][\/et_pb_divider][et_pb_text _builder_version=\u00bb4.9.4&#8243; _module_preset=\u00bbdefault\u00bb text_font=\u00bbOpen Sans|300|||||||\u00bb text_text_color=\u00bb#F5F5F5&#8243; text_font_size=\u00bb16px\u00bb text_orientation=\u00bbcenter\u00bb width=\u00bb100%\u00bb animation_style=\u00bbfade\u00bb animation_direction=\u00bbleft\u00bb animation_duration=\u00bb750ms\u00bb animation_delay=\u00bb900ms\u00bb animation_speed_curve=\u00bbease-out\u00bb locked=\u00bboff\u00bb]Nos encargamos de la organizaci\u00f3n de sus eventos corporativos y ponemos a su disposici\u00f3n nuestra sala de conferencias, salas de reuniones, terrazas y jardines. [\/et_pb_text][et_pb_button button_url=\u00bb@ET-DC@eyJkeW5hbWljIjp0cnVlLCJjb250ZW50IjoicG9zdF9saW5rX3VybF9wYWdlIiwic2V0dGluZ3MiOnsicG9zdF9pZCI6IjI3In19@\u00bb button_text=\u00bbContacto con nosotros\u00bb button_alignment=\u00bbcenter\u00bb module_class=\u00bbbutton-manoir\u00bb _builder_version=\u00bb4.9.4&#8243; _dynamic_attributes=\u00bbbutton_url\u00bb _module_preset=\u00bb5c381711-681c-4bee-b620-aabdf0f0f399&#8243; custom_padding=\u00bb8px|20px|8px|20px|true|true\u00bb animation_direction=\u00bbcenter\u00bb locked=\u00bboff\u00bb][\/et_pb_button][\/et_pb_column][\/et_pb_row][\/et_pb_section][et_pb_section fb_built=\u00bb1&#8243; _builder_version=\u00bb4.9.4&#8243; _module_preset=\u00bbdefault\u00bb background_color=\u00bbgcid-145f816b-ca4f-4ba0-b089-7d5938d2c844&#8243; background_image=\u00bbhttps:\/\/manoirdesoffices.com\/wp-content\/uploads\/2021\/06\/FEUILLE3-3.png\u00bb background_size=\u00bbinitial\u00bb background_position=\u00bbbottom_right\u00bb custom_padding=\u00bb||||false|false\u00bb global_colors_info=\u00bb{%22gcid-145f816b-ca4f-4ba0-b089-7d5938d2c844%22:%91%22background_color%22%93}\u00bb][et_pb_row column_structure=\u00bb1_2,1_2&#8243; _builder_version=\u00bb4.9.4&#8243; _module_preset=\u00bbdefault\u00bb custom_margin=\u00bb0px||0px||false|false\u00bb custom_padding=\u00bb0px||0px||false|false\u00bb custom_padding__hover_enabled=\u00bboff|desktop\u00bb][et_pb_column type=\u00bb1_2&#8243; _builder_version=\u00bb4.9.4&#8243; _module_preset=\u00bbdefault\u00bb][et_pb_text _builder_version=\u00bb4.9.4&#8243; _module_preset=\u00bbdefault\u00bb header_font=\u00bbPoppins||||||||\u00bb header_text_color=\u00bbgcid-70333b25-1dd7-44e9-8a76-3314d0ba5eaf\u00bb header_font_size=\u00bb25px\u00bb header_letter_spacing=\u00bb2px\u00bb header_line_height=\u00bb1.4em\u00bb header_2_font=\u00bbPoppins||||||||\u00bb header_2_text_color=\u00bbgcid-70333b25-1dd7-44e9-8a76-3314d0ba5eaf\u00bb header_2_font_size=\u00bb20px\u00bb header_3_font=\u00bbOpen Sans|600|||||||\u00bb header_3_text_color=\u00bbgcid-70333b25-1dd7-44e9-8a76-3314d0ba5eaf\u00bb header_3_font_size=\u00bb20px\u00bb animation_style=\u00bbslide\u00bb animation_direction=\u00bbbottom\u00bb animation_duration=\u00bb750ms\u00bb animation_delay=\u00bb500ms\u00bb animation_intensity_slide=\u00bb5%\u00bb animation_speed_curve=\u00bbease-out\u00bb locked=\u00bboff\u00bb global_colors_info=\u00bb{%22gcid-70333b25-1dd7-44e9-8a76-3314d0ba5eaf%22:%91%22header_text_color%22,%22header_2_text_color%22,%22header_3_text_color%22%93}\u00bb]<\/p>\n<h3>Nuestra oferta:<\/h3>\n<p>[\/et_pb_text][et_pb_text _builder_version=\u00bb4.9.4&#8243; _module_preset=\u00bbdefault\u00bb text_font=\u00bbOpen Sans|300|||||||\u00bb text_text_color=\u00bbgcid-70333b25-1dd7-44e9-8a76-3314d0ba5eaf\u00bb text_font_size=\u00bb16px\u00bb width=\u00bb100%\u00bb animation_style=\u00bbfold\u00bb animation_direction=\u00bbleft\u00bb animation_delay=\u00bb900ms\u00bb animation_intensity_fold=\u00bb30%\u00bb animation_speed_curve=\u00bbease-out\u00bb locked=\u00bboff\u00bb global_colors_info=\u00bb{%22gcid-70333b25-1dd7-44e9-8a76-3314d0ba5eaf%22:%91%22text_text_color%22%93}\u00bb]<\/p>\n<p>\u2713 Una tarjeta prestigiosa y discreta<br \/>\u2713 Ubicaci\u00f3n ideal, cerca de la autopista y del transporte p\u00fablico<br \/>\u2713 Aparcamiento privado<br \/>\u2713 Recepci\u00f3n<br \/>\u2713 Capacidad para 80 personas<br \/>\u2713 Jardines y terrazas verdes<br \/>\u2713 Sistema de sonido<br \/>\u2713 Sistema de proyecci\u00f3n<br \/>\u2713 Posibilidad de bloquear la luz del d\u00eda<br \/>\u2713 WIFI<br \/>\u2713 Muebles modulares seg\u00fan sus deseos<br \/>\u2713 Servicio de restauraci\u00f3n local y de calidad cuidadosamente seleccionado<br \/>\u2713 Y mucho m\u00e1s a petici\u00f3n<\/p>\n<p>[\/et_pb_text][\/et_pb_column][et_pb_column type=\u00bb1_2&#8243; _builder_version=\u00bb4.9.4&#8243; _module_preset=\u00bbdefault\u00bb][et_pb_text _builder_version=\u00bb4.9.4&#8243; _module_preset=\u00bbdefault\u00bb text_font=\u00bbOpen Sans|600|||||||\u00bb text_text_color=\u00bbgcid-70333b25-1dd7-44e9-8a76-3314d0ba5eaf\u00bb text_font_size=\u00bb20px\u00bb header_3_font=\u00bbOpen Sans|600|||||||\u00bb animation_style=\u00bbslide\u00bb animation_direction=\u00bbbottom\u00bb animation_duration=\u00bb750ms\u00bb animation_delay=\u00bb500ms\u00bb animation_intensity_slide=\u00bb5%\u00bb animation_speed_curve=\u00bbease-out\u00bb hover_enabled=\u00bb0&#8243; global_colors_info=\u00bb{%22gcid-70333b25-1dd7-44e9-8a76-3314d0ba5eaf%22:%91%22text_text_color%22%93}\u00bb sticky_enabled=\u00bb0&#8243;]<\/p>\n<p>Le Manoir des Offices es el lugar perfecto para su<\/p>\n<p>[\/et_pb_text][et_pb_text _builder_version=\u00bb4.9.4&#8243; _module_preset=\u00bbdefault\u00bb text_font=\u00bbOpen Sans|300|||||||\u00bb text_text_color=\u00bbgcid-70333b25-1dd7-44e9-8a76-3314d0ba5eaf\u00bb text_font_size=\u00bb16px\u00bb width=\u00bb100%\u00bb animation_style=\u00bbfold\u00bb animation_direction=\u00bbleft\u00bb animation_delay=\u00bb900ms\u00bb animation_intensity_fold=\u00bb30%\u00bb animation_speed_curve=\u00bbease-out\u00bb locked=\u00bboff\u00bb global_colors_info=\u00bb{%22gcid-70333b25-1dd7-44e9-8a76-3314d0ba5eaf%22:%91%22text_text_color%22%93}\u00bb]<\/p>\n<p>\u2713 Seminarios<br \/>\n\u2713 Conferencias<br \/>\n\u2713 Coloquios<br \/>\n\u2713 Eventos en red<br \/>\n\u2713 Incentivos<br \/>\n\u2713 Jornadas de formaci\u00f3n<br \/>\n\u2713 Reuniones internas<br \/>\n\u2713 Recepciones<br \/>\n\u2713 Programa de viajes<br \/>\n\u2713 Fiestas del personal<br \/>\n\u2713 \u2026 <\/p>\n<p>[\/et_pb_text][et_pb_text _builder_version=\u00bb4.9.4&#8243; _dynamic_attributes=\u00bblink_option_url\u00bb _module_preset=\u00bbdefault\u00bb text_font=\u00bbOpen Sans|600|||||||\u00bb text_text_color=\u00bb#7EBEC5&#8243; text_font_size=\u00bb15px\u00bb link_option_url=\u00bb@ET-DC@eyJkeW5hbWljIjp0cnVlLCJjb250ZW50IjoicG9zdF9saW5rX3VybF9wYWdlIiwic2V0dGluZ3MiOnsicG9zdF9pZCI6IjE5In19@\u00bb hover_enabled=\u00bb0&#8243; global_colors_info=\u00bb{%22gcid-70333b25-1dd7-44e9-8a76-3314d0ba5eaf%22:%91%22text_text_color__hover%22%93}\u00bb text_text_color__hover_enabled=\u00bbon|hover\u00bb text_text_color__hover=\u00bbgcid-70333b25-1dd7-44e9-8a76-3314d0ba5eaf\u00bb sticky_enabled=\u00bb0&#8243;]<\/p>\n<p>M\u00e1s informaci\u00f3n<\/p>\n<p>[\/et_pb_text][\/et_pb_column][\/et_pb_row][et_pb_row _builder_version=\u00bb4.9.4&#8243; _module_preset=\u00bbdefault\u00bb custom_margin=\u00bb4vh||0px||false|false\u00bb custom_padding=\u00bb0px||0px||false|false\u00bb animation_style=\u00bbzoom\u00bb animation_intensity_zoom=\u00bb10%\u00bb animation_speed_curve=\u00bbease-out\u00bb][et_pb_column type=\u00bb4_4&#8243; _builder_version=\u00bb4.9.4&#8243; _module_preset=\u00bbdefault\u00bb][et_pb_text _builder_version=\u00bb4.9.4&#8243; _module_preset=\u00bbdefault\u00bb text_font=\u00bbOpen Sans|600|||||||\u00bb text_text_color=\u00bbgcid-70333b25-1dd7-44e9-8a76-3314d0ba5eaf\u00bb text_font_size=\u00bb24px\u00bb text_orientation=\u00bbcenter\u00bb animation_style=\u00bbslide\u00bb animation_direction=\u00bbbottom\u00bb animation_duration=\u00bb750ms\u00bb animation_delay=\u00bb500ms\u00bb animation_intensity_slide=\u00bb5%\u00bb animation_speed_curve=\u00bbease-out\u00bb global_colors_info=\u00bb{%22gcid-70333b25-1dd7-44e9-8a76-3314d0ba5eaf%22:%91%22text_text_color%22%93}\u00bb]<\/p>\n<p>Primera cita sin compromiso<\/p>\n<p>[\/et_pb_text][et_pb_button button_url=\u00bb@ET-DC@eyJkeW5hbWljIjp0cnVlLCJjb250ZW50IjoicG9zdF9saW5rX3VybF9wYWdlIiwic2V0dGluZ3MiOnsicG9zdF9pZCI6IjI3In19@\u00bb button_text=\u00bbContacto con nosotros\u00bb button_alignment=\u00bbcenter\u00bb module_class=\u00bbbutton-manoir\u00bb _builder_version=\u00bb4.9.4&#8243; _dynamic_attributes=\u00bbbutton_url\u00bb _module_preset=\u00bb5c381711-681c-4bee-b620-aabdf0f0f399&#8243; button_text_size=\u00bb18px\u00bb custom_padding=\u00bb12px|50px|12px|50px|true|true\u00bb animation_style=\u00bbzoom\u00bb animation_direction=\u00bbcenter\u00bb animation_delay=\u00bb400ms\u00bb locked=\u00bboff\u00bb][\/et_pb_button][\/et_pb_column][\/et_pb_row][\/et_pb_section]<\/p>\n","protected":false},"excerpt":{"rendered":"<p>EventosNos encargamos de la organizaci\u00f3n de sus eventos corporativos y ponemos a su disposici\u00f3n nuestra sala de conferencias, salas de reuniones, terrazas y jardines. EventosNos encargamos de la organizaci\u00f3n de sus eventos corporativos y ponemos a su disposici\u00f3n nuestra sala de conferencias, salas de reuniones, terrazas y jardines. Nuestra oferta:\u2713 Una tarjeta prestigiosa y discreta\u2713 Ubicaci\u00f3n ideal, cerca de la autopista y del transporte p\u00fablico\u2713 Aparcamiento privado\u2713 Recepci\u00f3n\u2713 Capacidad para 80 personas\u2713 Jardines y terrazas verdes\u2713 Sistema de sonido\u2713 Sistema de proyecci\u00f3n\u2713 Posibilidad de bloquear la luz del d\u00eda\u2713 WIFI\u2713 Muebles modulares seg\u00fan sus deseos\u2713 Servicio de restauraci\u00f3n local y de calidad cuidadosamente seleccionado\u2713 Y mucho m\u00e1s a petici\u00f3nLe Manoir des Offices es el lugar perfecto para su\u2713 Seminarios \u2713 Conferencias \u2713 Coloquios \u2713 Eventos en red \u2713 Incentivos \u2713 Jornadas de formaci\u00f3n \u2713 Reuniones internas \u2713 Recepciones \u2713 Programa de viajes \u2713 Fiestas del personal \u2713 \u2026 M\u00e1s informaci\u00f3nPrimera cita sin compromiso<\/p>\n","protected":false},"author":1,"featured_media":0,"parent":0,"menu_order":0,"comment_status":"closed","ping_status":"closed","template":"","meta":{"_et_pb_use_builder":"on","_et_pb_old_content":"","_et_gb_content_width":"","inline_featured_image":false,"footnotes":""},"class_list":["post-1432","page","type-page","status-publish","hentry"],"jetpack_sharing_enabled":true,"_links":{"self":[{"href":"https:\/\/manoirdesoffices.com\/es\/wp-json\/wp\/v2\/pages\/1432","targetHints":{"allow":["GET"]}}],"collection":[{"href":"https:\/\/manoirdesoffices.com\/es\/wp-json\/wp\/v2\/pages"}],"about":[{"href":"https:\/\/manoirdesoffices.com\/es\/wp-json\/wp\/v2\/types\/page"}],"author":[{"embeddable":true,"href":"https:\/\/manoirdesoffices.com\/es\/wp-json\/wp\/v2\/users\/1"}],"replies":[{"embeddable":true,"href":"https:\/\/manoirdesoffices.com\/es\/wp-json\/wp\/v2\/comments?post=1432"}],"version-history":[{"count":3,"href":"https:\/\/manoirdesoffices.com\/es\/wp-json\/wp\/v2\/pages\/1432\/revisions"}],"predecessor-version":[{"id":1655,"href":"https:\/\/manoirdesoffices.com\/es\/wp-json\/wp\/v2\/pages\/1432\/revisions\/1655"}],"wp:attachment":[{"href":"https:\/\/manoirdesoffices.com\/es\/wp-json\/wp\/v2\/media?parent=1432"}],"curies":[{"name":"wp","href":"https:\/\/api.w.org\/{rel}","templated":true}]}}