{"id":1421,"date":"2021-07-14T15:52:36","date_gmt":"2021-07-14T13:52:36","guid":{"rendered":"https:\/\/manoir.devsdms.be\/oficinas-virtuales\/"},"modified":"2026-01-07T12:28:30","modified_gmt":"2026-01-07T11:28:30","slug":"oficinas-virtuales","status":"publish","type":"page","link":"https:\/\/manoirdesoffices.com\/es\/oficinas-virtuales\/","title":{"rendered":"Oficinas virtuales"},"content":{"rendered":"<p>[et_pb_section fb_built=\u00bb1&#8243; disabled_on=\u00bbon|on|off\u00bb _builder_version=\u00bb4.16&#8243; _module_preset=\u00bbdefault\u00bb background_image=\u00bbhttps:\/\/manoirdesoffices.com\/wp-content\/uploads\/2021\/06\/bureau-virtuel-3-1.jpg\u00bb z_index=\u00bb10&#8243; custom_padding=\u00bb3vh||||false|false\u00bb animation_style=\u00bbslide\u00bb animation_direction=\u00bbleft\u00bb animation_duration=\u00bb500ms\u00bb animation_intensity_slide=\u00bb3%\u00bb animation_speed_curve=\u00bbease-out\u00bb global_colors_info=\u00bb{}\u00bb][et_pb_row column_structure=\u00bb1_2,1_2&#8243; _builder_version=\u00bb4.16&#8243; _module_preset=\u00bbdefault\u00bb width=\u00bb75%\u00bb max_width=\u00bb1580px\u00bb custom_margin=\u00bb0px||0px||false|false\u00bb custom_padding=\u00bb0px||0px||false|false\u00bb global_colors_info=\u00bb{}\u00bb][et_pb_column type=\u00bb1_2&#8243; _builder_version=\u00bb4.16&#8243; _module_preset=\u00bbdefault\u00bb global_colors_info=\u00bb{}\u00bb][et_pb_text _builder_version=\u00bb4.16&#8243; _module_preset=\u00bbdefault\u00bb header_font=\u00bbOpen Sans|300||on|||||\u00bb header_text_align=\u00bbleft\u00bb header_text_color=\u00bbgcid-70333b25-1dd7-44e9-8a76-3314d0ba5eaf\u00bb header_font_size=\u00bb43px\u00bb header_letter_spacing=\u00bb2px\u00bb header_2_font=\u00bbOpen Sans|300||on|||||\u00bb header_2_text_align=\u00bbleft\u00bb header_2_text_color=\u00bb#f5f5f5&#8243; header_2_font_size=\u00bb43px\u00bb header_2_letter_spacing=\u00bb2px\u00bb text_orientation=\u00bbright\u00bb custom_margin=\u00bb||2vh||false|false\u00bb animation_style=\u00bbslide\u00bb animation_direction=\u00bbbottom\u00bb animation_duration=\u00bb850ms\u00bb animation_delay=\u00bb500ms\u00bb animation_intensity_slide=\u00bb20%\u00bb animation_speed_curve=\u00bbease\u00bb global_colors_info=\u00bb{%22gcid-70333b25-1dd7-44e9-8a76-3314d0ba5eaf%22:%91%22header_text_color%22,%22header_text_color%22,%22header_text_color%22,%22header_text_color%22,%22header_text_color%22,%22header_text_color%22,%22header_text_color%22,%22header_text_color%22%93}\u00bb]<\/p>\n<h1>Domiciliaci\u00f3n de empresas<\/h1>\n<p>[\/et_pb_text][et_pb_divider divider_weight=\u00bb3px\u00bb _builder_version=\u00bb4.16&#8243; _module_preset=\u00bbdefault\u00bb width=\u00bb25%\u00bb custom_margin=\u00bb||1vh||false|false\u00bb global_colors_info=\u00bb{}\u00bb][\/et_pb_divider][et_pb_text _builder_version=\u00bb4.16&#8243; _module_preset=\u00bbdefault\u00bb header_font=\u00bbOpen Sans|600||on|||||\u00bb header_text_color=\u00bbgcid-70333b25-1dd7-44e9-8a76-3314d0ba5eaf\u00bb header_font_size=\u00bb25px\u00bb header_letter_spacing=\u00bb2px\u00bb header_line_height=\u00bb1.4em\u00bb header_2_font=\u00bbOpen Sans|600||on|||||\u00bb header_2_text_color=\u00bb#f5f5f5&#8243; header_2_font_size=\u00bb25px\u00bb header_2_letter_spacing=\u00bb2px\u00bb header_2_line_height=\u00bb1.4em\u00bb custom_margin=\u00bb||2vh||false|false\u00bb animation_style=\u00bbslide\u00bb animation_direction=\u00bbbottom\u00bb animation_duration=\u00bb850ms\u00bb animation_delay=\u00bb700ms\u00bb animation_intensity_slide=\u00bb20%\u00bb animation_speed_curve=\u00bbease\u00bb global_colors_info=\u00bb{%22gcid-70333b25-1dd7-44e9-8a76-3314d0ba5eaf%22:%91%22header_text_color%22,%22header_text_color%22,%22header_text_color%22,%22header_text_color%22%93}\u00bb]<\/p>\n<h2>Las oficinas virtuales<\/h2>\n<p>[\/et_pb_text][et_pb_text _builder_version=\u00bb4.16&#8243; _module_preset=\u00bbdefault\u00bb text_font=\u00bbOpen Sans|300|||||||\u00bb text_text_color=\u00bbgcid-70333b25-1dd7-44e9-8a76-3314d0ba5eaf\u00bb text_font_size=\u00bb16px\u00bb width=\u00bb80%\u00bb animation_style=\u00bbfade\u00bb animation_direction=\u00bbleft\u00bb animation_duration=\u00bb750ms\u00bb animation_delay=\u00bb900ms\u00bb animation_speed_curve=\u00bbease-out\u00bb global_colors_info=\u00bb{%22gcid-70333b25-1dd7-44e9-8a76-3314d0ba5eaf%22:%91%22text_text_color%22%93}\u00bb]<\/p>\n<p>\u2713 \u00bfTrabaja desde casa y quiere separar la direcci\u00f3n de su casa de la de su empresa?<br \/>\u2713 \u00bfLe gustar\u00eda trabajar en casa sin tener que utilizar su direcci\u00f3n privada como direcci\u00f3n comercial?<br \/>\u2713 \u00bfQuiere ampliar la presencia de su empresa con oficinas virtuales?<br \/>\u2713 \u00bfQuiere una gesti\u00f3n personalizada de su correo y\/o llamadas?<br \/>\u2713 \u00bfQuiere que nos encarguemos de sus obligaciones contables y fiscales?<br \/>\u2713 \u00bfLe gustar\u00eda que alguien le organice reuniones para conseguir colaboraciones con clientes potenciales?<\/p>\n<p>[\/et_pb_text][\/et_pb_column][et_pb_column type=\u00bb1_2&#8243; _builder_version=\u00bb4.16&#8243; _module_preset=\u00bbdefault\u00bb global_colors_info=\u00bb{}\u00bb][\/et_pb_column][\/et_pb_row][\/et_pb_section][et_pb_section fb_built=\u00bb1&#8243; disabled_on=\u00bboff|off|on\u00bb _builder_version=\u00bb4.16&#8243; _module_preset=\u00bbdefault\u00bb background_color=\u00bbRGBA(0,0,0,0)\u00bb use_background_color_gradient=\u00bbon\u00bb background_color_gradient_direction=\u00bb115deg\u00bb background_color_gradient_stops=\u00bbrgba(25,34,43,0.8) 50%|rgba(25,34,43,0.8) 50%\u00bb background_color_gradient_overlays_image=\u00bbon\u00bb background_color_gradient_start=\u00bbrgba(25,34,43,0.8)\u00bb background_color_gradient_start_position=\u00bb50%\u00bb background_color_gradient_end=\u00bbrgba(25,34,43,0.8)\u00bb background_color_gradient_end_position=\u00bb50.05%\u00bb background_image=\u00bbhttps:\/\/manoirdesoffices.com\/wp-content\/uploads\/2021\/04\/FP_BECI_Manoir-des-Offices_Reporters051-scaled.jpg\u00bb background_position=\u00bbcenter_right\u00bb z_index=\u00bb10&#8243; custom_padding=\u00bb||||false|false\u00bb animation_style=\u00bbslide\u00bb animation_direction=\u00bbleft\u00bb animation_duration=\u00bb500ms\u00bb animation_intensity_slide=\u00bb3%\u00bb animation_speed_curve=\u00bbease-out\u00bb global_colors_info=\u00bb{}\u00bb][et_pb_row _builder_version=\u00bb4.16&#8243; _module_preset=\u00bbdefault\u00bb width=\u00bb75%\u00bb max_width=\u00bb1580px\u00bb custom_margin=\u00bb0px||0px||false|false\u00bb custom_padding=\u00bb0px||0px||false|false\u00bb global_colors_info=\u00bb{}\u00bb][et_pb_column type=\u00bb4_4&#8243; _builder_version=\u00bb4.16&#8243; _module_preset=\u00bbdefault\u00bb global_colors_info=\u00bb{}\u00bb][et_pb_text _builder_version=\u00bb4.16&#8243; _module_preset=\u00bbdefault\u00bb header_font=\u00bbOpen Sans|300||on|||||\u00bb header_text_align=\u00bbcenter\u00bb header_text_color=\u00bbgcid-70333b25-1dd7-44e9-8a76-3314d0ba5eaf\u00bb header_font_size=\u00bb43px\u00bb header_letter_spacing=\u00bb2px\u00bb header_2_font=\u00bbOpen Sans|300||on|||||\u00bb header_2_text_align=\u00bbcenter\u00bb header_2_text_color=\u00bb#f5f5f5&#8243; header_2_font_size=\u00bb43px\u00bb header_2_letter_spacing=\u00bb2px\u00bb text_orientation=\u00bbright\u00bb animation_style=\u00bbslide\u00bb animation_direction=\u00bbbottom\u00bb animation_duration=\u00bb850ms\u00bb animation_delay=\u00bb500ms\u00bb animation_intensity_slide=\u00bb20%\u00bb animation_speed_curve=\u00bbease\u00bb locked=\u00bboff\u00bb global_colors_info=\u00bb{%22gcid-70333b25-1dd7-44e9-8a76-3314d0ba5eaf%22:%91%22header_text_color%22,%22header_text_color%22,%22header_text_color%22,%22header_text_color%22%93}\u00bb]<\/p>\n<h2>Domiciliaci\u00f3n de empresas<\/h2>\n<p>[\/et_pb_text][et_pb_divider divider_weight=\u00bb3px\u00bb _builder_version=\u00bb4.16&#8243; _module_preset=\u00bbdefault\u00bb width=\u00bb25%\u00bb module_alignment=\u00bbcenter\u00bb locked=\u00bboff\u00bb global_colors_info=\u00bb{}\u00bb][\/et_pb_divider][et_pb_text _builder_version=\u00bb4.16&#8243; _module_preset=\u00bbdefault\u00bb header_font=\u00bbOpen Sans|600||on|||||\u00bb header_text_align=\u00bbcenter\u00bb header_text_color=\u00bbgcid-70333b25-1dd7-44e9-8a76-3314d0ba5eaf\u00bb header_font_size=\u00bb25px\u00bb header_letter_spacing=\u00bb2px\u00bb header_line_height=\u00bb1.4em\u00bb header_2_font=\u00bbOpen Sans|600||on|||||\u00bb header_2_text_align=\u00bbcenter\u00bb header_2_text_color=\u00bb#F5F5F5&#8243; header_2_font_size=\u00bb25px\u00bb animation_style=\u00bbslide\u00bb animation_direction=\u00bbbottom\u00bb animation_duration=\u00bb850ms\u00bb animation_delay=\u00bb700ms\u00bb animation_intensity_slide=\u00bb20%\u00bb animation_speed_curve=\u00bbease\u00bb locked=\u00bboff\u00bb global_colors_info=\u00bb{%22gcid-70333b25-1dd7-44e9-8a76-3314d0ba5eaf%22:%91%22header_text_color%22,%22header_text_color%22%93}\u00bb]<\/p>\n<h1>Las oficinas virtuales<\/h1>\n<p>[\/et_pb_text][et_pb_text _builder_version=\u00bb4.16&#8243; _module_preset=\u00bbdefault\u00bb text_font=\u00bbOpen Sans|300|||||||\u00bb text_text_color=\u00bb#F5F5F5&#8243; text_font_size=\u00bb16px\u00bb width=\u00bb100%\u00bb module_alignment=\u00bbcenter\u00bb animation_style=\u00bbfade\u00bb animation_direction=\u00bbleft\u00bb animation_duration=\u00bb750ms\u00bb animation_delay=\u00bb900ms\u00bb animation_speed_curve=\u00bbease-out\u00bb locked=\u00bboff\u00bb global_colors_info=\u00bb{}\u00bb]\u2713 \u00bfTrabaja desde casa y quiere separar la direcci\u00f3n de su casa de la de su empresa?<br \/>\n\u2713 \u00bfLe gustar\u00eda trabajar en casa sin tener que utilizar su direcci\u00f3n privada como direcci\u00f3n comercial?<br \/>\n\u2713 \u00bfQuiere ampliar la presencia de su empresa con oficinas virtuales?<br \/>\n\u2713 \u00bfQuiere una gesti\u00f3n personalizada de su correo y\/o llamadas?<br \/>\n\u2713 \u00bfQuiere que nos encarguemos de sus obligaciones contables y fiscales?<br \/>\n\u2713 \u00bfLe gustar\u00eda que alguien le organice reuniones para conseguir colaboraciones con clientes potenciales?[\/et_pb_text][\/et_pb_column][\/et_pb_row][\/et_pb_section][et_pb_section fb_built=\u00bb1&#8243; _builder_version=\u00bb4.16&#8243; _module_preset=\u00bbdefault\u00bb background_color=\u00bbgcid-145f816b-ca4f-4ba0-b089-7d5938d2c844&#8243; background_image=\u00bbhttps:\/\/manoirdesoffices.com\/wp-content\/uploads\/2021\/06\/FEUILLE3-3.png\u00bb background_size=\u00bbinitial\u00bb background_position=\u00bbbottom_right\u00bb custom_padding=\u00bb||||false|false\u00bb global_colors_info=\u00bb{%22gcid-145f816b-ca4f-4ba0-b089-7d5938d2c844%22:%91%22background_color%22%93}\u00bb][et_pb_row _builder_version=\u00bb4.16&#8243; _module_preset=\u00bbdefault\u00bb custom_margin=\u00bb0px||0px||false|false\u00bb custom_padding=\u00bb0px||0px||false|false\u00bb animation_style=\u00bbzoom\u00bb animation_intensity_zoom=\u00bb10%\u00bb animation_speed_curve=\u00bbease-out\u00bb global_colors_info=\u00bb{}\u00bb][et_pb_column type=\u00bb4_4&#8243; _builder_version=\u00bb4.16&#8243; _module_preset=\u00bbdefault\u00bb global_colors_info=\u00bb{}\u00bb][et_pb_text _builder_version=\u00bb4.16&#8243; _module_preset=\u00bbdefault\u00bb text_font=\u00bbOpen Sans|600|||||||\u00bb text_text_color=\u00bb#F5F5F5&#8243; text_font_size=\u00bb16px\u00bb global_colors_info=\u00bb{}\u00bb]<\/p>\n<p>Domiciliar su empresa en Le Manoir des Offices de Uccle tiene muchas ventajas. En efecto, usted se beneficia de una direcci\u00f3n prestigiosa en un entorno muy solicitado por las PYME y los empresarios que desean separar su vida privada de la profesional.<\/p>\n<p>El procedimiento para obtener una direcci\u00f3n comercial es r\u00e1pido y sencillo.<\/p>\n<p>Trabajaremos con usted para encontrar la soluci\u00f3n que mejor se adapte a sus necesidades para que usted tambi\u00e9n pueda beneficiarse de una direcci\u00f3n de empresa en Bruselas (Uccle).<\/p>\n<p>[\/et_pb_text][et_pb_text _builder_version=\u00bb4.16&#8243; _module_preset=\u00bbdefault\u00bb text_font=\u00bbOpen Sans|300|||||||\u00bb text_text_color=\u00bb#F5F5F5&#8243; text_font_size=\u00bb16px\u00bb global_colors_info=\u00bb{}\u00bb]<\/p>\n<p>No dude en utilizar nuestros espacios seg\u00fan sus necesidades para reunirse con sus clientes en un entorno agradable y refinado. Haremos todo como si estuvieras permanentemente presente. <\/p>\n<p>[\/et_pb_text][et_pb_divider divider_weight=\u00bb3px\u00bb _builder_version=\u00bb4.16&#8243; _module_preset=\u00bbdefault\u00bb width=\u00bb14%\u00bb locked=\u00bboff\u00bb global_colors_info=\u00bb{}\u00bb][\/et_pb_divider][\/et_pb_column][\/et_pb_row][et_pb_row column_structure=\u00bb1_2,1_2&#8243; _builder_version=\u00bb4.16&#8243; _module_preset=\u00bbdefault\u00bb custom_margin=\u00bb0px||||false|false\u00bb custom_padding=\u00bb1vh||||false|false\u00bb global_colors_info=\u00bb{}\u00bb][et_pb_column type=\u00bb1_2&#8243; _builder_version=\u00bb4.16&#8243; _module_preset=\u00bbdefault\u00bb global_colors_info=\u00bb{}\u00bb][et_pb_text _builder_version=\u00bb4.27.4&#8243; _module_preset=\u00bbdefault\u00bb text_font=\u00bbOpen Sans|300|||||||\u00bb header_font=\u00bbPoppins||||||||\u00bb header_text_color=\u00bbgcid-70333b25-1dd7-44e9-8a76-3314d0ba5eaf\u00bb header_font_size=\u00bb25px\u00bb header_letter_spacing=\u00bb2px\u00bb header_line_height=\u00bb1.4em\u00bb header_2_font=\u00bbPoppins||||||||\u00bb header_2_text_color=\u00bbgcid-70333b25-1dd7-44e9-8a76-3314d0ba5eaf\u00bb header_2_font_size=\u00bb20px\u00bb header_3_font=\u00bbOpen Sans|600|||||||\u00bb header_3_text_color=\u00bbgcid-70333b25-1dd7-44e9-8a76-3314d0ba5eaf\u00bb header_3_font_size=\u00bb20px\u00bb animation_style=\u00bbslide\u00bb animation_direction=\u00bbbottom\u00bb animation_duration=\u00bb750ms\u00bb animation_delay=\u00bb500ms\u00bb animation_intensity_slide=\u00bb5%\u00bb animation_speed_curve=\u00bbease-out\u00bb hover_enabled=\u00bb0&#8243; locked=\u00bboff\u00bb global_colors_info=\u00bb{%22gcid-70333b25-1dd7-44e9-8a76-3314d0ba5eaf%22:%91%22header_text_color%22,%22header_2_text_color%22,%22header_3_text_color%22%93}\u00bb sticky_enabled=\u00bb0&#8243;]<\/p>\n<h3>Nuestra oferta a partir de 100 euros<\/h3>\n<p>[\/et_pb_text][et_pb_text _builder_version=\u00bb4.16&#8243; _module_preset=\u00bbdefault\u00bb text_font=\u00bbOpen Sans|300|||||||\u00bb text_text_color=\u00bbgcid-70333b25-1dd7-44e9-8a76-3314d0ba5eaf\u00bb text_font_size=\u00bb16px\u00bb width=\u00bb100%\u00bb animation_style=\u00bbfold\u00bb animation_direction=\u00bbleft\u00bb animation_delay=\u00bb900ms\u00bb animation_intensity_fold=\u00bb30%\u00bb animation_speed_curve=\u00bbease-out\u00bb locked=\u00bboff\u00bb global_colors_info=\u00bb{%22gcid-70333b25-1dd7-44e9-8a76-3314d0ba5eaf%22:%91%22text_text_color%22%93}\u00bb]\u2713 Domiciliaci\u00f3n y sede social<br \/>\n\u2713 Recepci\u00f3n de correo, correo certificado y paquetes<br \/>\n\u2713 Procesar estos elementos y\/o remitirle la informaci\u00f3n<br \/>\n\u2713 Recepci\u00f3n de sus clientes<br \/>\n\u2713 Contactos con las administraciones belgas<br \/>\n\u2713 Puesta a disposici\u00f3n de despachos, salas de reuniones y de conferencias durante sus visitas en B\u00e9lgica<br \/>\n\u2713 Conserjer\u00eda con motivo de su llegada a B\u00e9lgica (se establecer\u00e1 seg\u00fan sus instrucciones)<br \/>\n\u2713 Organizaci\u00f3n de reuniones y contactos con terceros previa solicitud (clientes, administraciones, miembros de la competencia, abogados, notarios, etc.).<br \/>\n\u2713 Archivar[\/et_pb_text][\/et_pb_column][et_pb_column type=\u00bb1_2&#8243; _builder_version=\u00bb4.16&#8243; _module_preset=\u00bbdefault\u00bb global_colors_info=\u00bb{}\u00bb][et_pb_text _builder_version=\u00bb4.16&#8243; _module_preset=\u00bbdefault\u00bb text_font=\u00bbOpen Sans|600|||||||\u00bb text_text_color=\u00bbgcid-70333b25-1dd7-44e9-8a76-3314d0ba5eaf\u00bb text_font_size=\u00bb20px\u00bb animation_style=\u00bbslide\u00bb animation_direction=\u00bbbottom\u00bb animation_duration=\u00bb750ms\u00bb animation_delay=\u00bb500ms\u00bb animation_intensity_slide=\u00bb5%\u00bb animation_speed_curve=\u00bbease-out\u00bb global_colors_info=\u00bb{%22gcid-70333b25-1dd7-44e9-8a76-3314d0ba5eaf%22:%91%22text_text_color%22%93}\u00bb]<\/p>\n<p>\u00c0 la carte<\/p>\n<p>[\/et_pb_text][et_pb_text _builder_version=\u00bb4.16&#8243; _module_preset=\u00bbdefault\u00bb text_font=\u00bbOpen Sans|300|||||||\u00bb text_text_color=\u00bbgcid-70333b25-1dd7-44e9-8a76-3314d0ba5eaf\u00bb text_font_size=\u00bb16px\u00bb width=\u00bb100%\u00bb animation_style=\u00bbfold\u00bb animation_direction=\u00bbleft\u00bb animation_delay=\u00bb900ms\u00bb animation_intensity_fold=\u00bb30%\u00bb animation_speed_curve=\u00bbease-out\u00bb locked=\u00bboff\u00bb global_colors_info=\u00bb{%22gcid-70333b25-1dd7-44e9-8a76-3314d0ba5eaf%22:%91%22text_text_color%22%93}\u00bb]<\/p>\n<p>Al igual que en las oficinas f\u00edsicas, ser inquilino de Le Manoir significa tambi\u00e9n estar rodeado de profesionales dispuestos a apoyarle puntualmente o de forma continuada en caso de :<\/p>\n<p>\n\u2022 Personal enfermo o ausente<br \/>\n\u2022 Desplazamiento al extranjero<br \/>\n\u2022 Aumento puntual del trabajo de secretariado u otro<br \/>\n\u2022 Intenci\u00f3n de no tener un secretariado propio<br \/>\n\u2022 Organizaci\u00f3n de eventos para su empresa<br \/>\n\u2022 Ayuda ocasional en cuestiones de contabilidad en caso de ausencia de su contable interno<br \/>\n\u2022 etc.\n<\/p>\n<p>[\/et_pb_text][et_pb_text _builder_version=\u00bb4.16&#8243; _dynamic_attributes=\u00bblink_option_url\u00bb _module_preset=\u00bbdefault\u00bb text_font=\u00bbOpen Sans|600|||||||\u00bb text_text_color=\u00bb#7EBEC5&#8243; text_font_size=\u00bb15px\u00bb link_option_url=\u00bb@ET-DC@eyJkeW5hbWljIjp0cnVlLCJjb250ZW50IjoicG9zdF9saW5rX3VybF9wYWdlIiwic2V0dGluZ3MiOnsicG9zdF9pZCI6IjE5In19@\u00bb global_colors_info=\u00bb{%22gcid-70333b25-1dd7-44e9-8a76-3314d0ba5eaf%22:%91%22text_text_color__hover%22%93}\u00bb text_text_color__hover_enabled=\u00bbon|hover\u00bb text_text_color__hover=\u00bb#f5f5f5&#8243;]<\/p>\n<p>M\u00e1s informaci\u00f3n<\/p>\n<p>[\/et_pb_text][\/et_pb_column][\/et_pb_row][et_pb_row _builder_version=\u00bb4.16&#8243; _module_preset=\u00bbdefault\u00bb custom_margin=\u00bb0px||0px||false|false\u00bb custom_padding=\u00bb0px||0px||false|false\u00bb animation_style=\u00bbzoom\u00bb animation_intensity_zoom=\u00bb10%\u00bb animation_speed_curve=\u00bbease-out\u00bb global_colors_info=\u00bb{}\u00bb][et_pb_column type=\u00bb4_4&#8243; _builder_version=\u00bb4.16&#8243; _module_preset=\u00bbdefault\u00bb global_colors_info=\u00bb{}\u00bb][et_pb_button button_url=\u00bb@ET-DC@eyJkeW5hbWljIjp0cnVlLCJjb250ZW50IjoicG9zdF9saW5rX3VybF9wYWdlIiwic2V0dGluZ3MiOnsicG9zdF9pZCI6IjI3In19@\u00bb button_text=\u00bbContacto con nosotros\u00bb button_alignment=\u00bbcenter\u00bb module_class=\u00bbbutton-manoir\u00bb _builder_version=\u00bb4.16&#8243; _dynamic_attributes=\u00bbbutton_url\u00bb _module_preset=\u00bb5c381711-681c-4bee-b620-aabdf0f0f399&#8243; button_text_size=\u00bb18px\u00bb custom_padding=\u00bb12px|50px|12px|50px|true|true\u00bb animation_style=\u00bbzoom\u00bb animation_direction=\u00bbcenter\u00bb animation_delay=\u00bb400ms\u00bb locked=\u00bboff\u00bb global_colors_info=\u00bb{}\u00bb][\/et_pb_button][\/et_pb_column][\/et_pb_row][\/et_pb_section]<\/p>\n","protected":false},"excerpt":{"rendered":"<p>Domiciliaci\u00f3n de empresasLas oficinas virtuales\u2713 \u00bfTrabaja desde casa y quiere separar la direcci\u00f3n de su casa de la de su empresa?\u2713 \u00bfLe gustar\u00eda trabajar en casa sin tener que utilizar su direcci\u00f3n privada como direcci\u00f3n comercial?\u2713 \u00bfQuiere ampliar la presencia de su empresa con oficinas virtuales?\u2713 \u00bfQuiere una gesti\u00f3n personalizada de su correo y\/o llamadas?\u2713 \u00bfQuiere que nos encarguemos de sus obligaciones contables y fiscales?\u2713 \u00bfLe gustar\u00eda que alguien le organice reuniones para conseguir colaboraciones con clientes potenciales?Domiciliaci\u00f3n de empresasLas oficinas virtuales\u2713 \u00bfTrabaja desde casa y quiere separar la direcci\u00f3n de su casa de la de su empresa? \u2713 \u00bfLe gustar\u00eda trabajar en casa sin tener que utilizar su direcci\u00f3n privada como direcci\u00f3n comercial? \u2713 \u00bfQuiere ampliar la presencia de su empresa con oficinas virtuales? \u2713 \u00bfQuiere una gesti\u00f3n personalizada de su correo y\/o llamadas? \u2713 \u00bfQuiere que nos encarguemos de sus obligaciones contables y fiscales? \u2713 \u00bfLe gustar\u00eda que alguien le organice reuniones para conseguir colaboraciones con clientes potenciales?Domiciliar su empresa en Le Manoir des Offices de Uccle tiene muchas ventajas. En efecto, usted se beneficia de una direcci\u00f3n prestigiosa en un entorno muy solicitado por las PYME y los empresarios que desean separar su vida privada de la [&hellip;]<\/p>\n","protected":false},"author":1,"featured_media":0,"parent":0,"menu_order":0,"comment_status":"closed","ping_status":"closed","template":"","meta":{"_et_pb_use_builder":"on","_et_pb_old_content":"","_et_gb_content_width":"","inline_featured_image":false,"footnotes":""},"class_list":["post-1421","page","type-page","status-publish","hentry"],"jetpack_sharing_enabled":true,"_links":{"self":[{"href":"https:\/\/manoirdesoffices.com\/es\/wp-json\/wp\/v2\/pages\/1421","targetHints":{"allow":["GET"]}}],"collection":[{"href":"https:\/\/manoirdesoffices.com\/es\/wp-json\/wp\/v2\/pages"}],"about":[{"href":"https:\/\/manoirdesoffices.com\/es\/wp-json\/wp\/v2\/types\/page"}],"author":[{"embeddable":true,"href":"https:\/\/manoirdesoffices.com\/es\/wp-json\/wp\/v2\/users\/1"}],"replies":[{"embeddable":true,"href":"https:\/\/manoirdesoffices.com\/es\/wp-json\/wp\/v2\/comments?post=1421"}],"version-history":[{"count":5,"href":"https:\/\/manoirdesoffices.com\/es\/wp-json\/wp\/v2\/pages\/1421\/revisions"}],"predecessor-version":[{"id":5127,"href":"https:\/\/manoirdesoffices.com\/es\/wp-json\/wp\/v2\/pages\/1421\/revisions\/5127"}],"wp:attachment":[{"href":"https:\/\/manoirdesoffices.com\/es\/wp-json\/wp\/v2\/media?parent=1421"}],"curies":[{"name":"wp","href":"https:\/\/api.w.org\/{rel}","templated":true}]}}